{"id":35,"date":"2015-11-03T10:48:19","date_gmt":"2015-11-03T09:48:19","guid":{"rendered":"http:\/\/burschenverein-beyernaumburg.de\/?page_id=35"},"modified":"2019-04-04T15:07:11","modified_gmt":"2019-04-04T13:07:11","slug":"ursprung-und-traditionen-des-burschentanzes","status":"publish","type":"page","link":"https:\/\/burschenverein-beyernaumburg.de\/?page_id=35","title":{"rendered":"Ursprung und Traditionen des Burschentanzes"},"content":{"rendered":"<h1>Ursprung des Burschentanzes<\/h1>\n<p>Der Burschentanz (oder Pfingstanz, wie er fr\u00fcher genannt wurde) hatte seinen Anfang am 3. Pfingsttag und schlo\u00df am Mittwoch. Das Amt Beyernaumburg hatte dazu seine &#8222;Lizenz&#8220; erteilt.<a href=\"https:\/\/burschenverein-beyernaumburg.de\/wp-content\/uploads\/2015\/11\/Bbgalt1.jpg\"><img loading=\"lazy\" decoding=\"async\" class=\"wp-image-2727 size-medium aligncenter\" src=\"https:\/\/burschenverein-beyernaumburg.de\/wp-content\/uploads\/2015\/11\/Bbgalt1-300x176.jpg\" alt=\"Bbgalt1\" width=\"300\" height=\"176\" srcset=\"https:\/\/burschenverein-beyernaumburg.de\/wp-content\/uploads\/2015\/11\/Bbgalt1-300x176.jpg 300w, https:\/\/burschenverein-beyernaumburg.de\/wp-content\/uploads\/2015\/11\/Bbgalt1.jpg 502w\" sizes=\"auto, (max-width: 300px) 100vw, 300px\" \/><\/a><\/p>\n<p>Die Pfingstt\u00e4nze sollen ganz fr\u00fcher, noch vor 1760 auf dem Pfingstfleck (fr\u00fcher Pfingstnachtfleck gehei\u00dfen) abgehalten worden sein. Es ist nicht ausgeschlossen, da\u00df der Ursprung dieser Festlichkeit f\u00fcr das Dorf noch weiter zur\u00fcckliegt und bis in die Mitte des 17. Jahrhunderts zur\u00fcckgeht.<\/p>\n<figure id=\"attachment_2726\" aria-describedby=\"caption-attachment-2726\" style=\"width: 300px\" class=\"wp-caption alignnone\"><a href=\"https:\/\/burschenverein-beyernaumburg.de\/wp-content\/uploads\/2015\/11\/Bbgalt2.jpg\"><img loading=\"lazy\" decoding=\"async\" class=\"wp-image-2726 size-medium\" src=\"https:\/\/burschenverein-beyernaumburg.de\/wp-content\/uploads\/2015\/11\/Bbgalt2-300x215.jpg\" alt=\"Bbgalt2\" width=\"300\" height=\"215\" srcset=\"https:\/\/burschenverein-beyernaumburg.de\/wp-content\/uploads\/2015\/11\/Bbgalt2-300x215.jpg 300w, https:\/\/burschenverein-beyernaumburg.de\/wp-content\/uploads\/2015\/11\/Bbgalt2.jpg 553w\" sizes=\"auto, (max-width: 300px) 100vw, 300px\" \/><\/a><figcaption id=\"caption-attachment-2726\" class=\"wp-caption-text\">Kreuzung um 1949<\/figcaption><\/figure>\n<p>Sp\u00e4ter wurden die Pfingstt\u00e4nze und auch andere Feste wie Hochzeiten usw. auf dem Geistberg abgehalten. Der damalige Festplatz ist heute noch sehr gut erkennbar.<\/p>\n<p>Bis 1890 war der Geistberg Festplatz der Gemeinde und jede Veranstaltung bedurfte der Genehmigung der Schlo\u00dfherrschaft. Erst dann ist der sogenannte &#8222;Tanzplatz&#8220; St\u00e4tte der Dorffeste geworden.<\/p>\n<p>Es ist bekannt, da\u00df die Herrschaft zu Pfingsten auf dem Pfingstnachtfleck, das auf dem Schlo\u00df selbst gebraute Pfingstbier an die Untertanen und das Gesinde ausschenkte und damit beitrug, da\u00df dieser Tag ein besonderes Ereignis auch f\u00fcr die \u00e4rmeren Einwohner wurde.<\/p>\n<p>Die \u00dcbernachtung der Burschen in der &#8222;Gr\u00fcnen Schenke&#8220;(in der Nacht vor dem Burschentanz) ist urspr\u00fcnglich die Wache f\u00fcr den vorbereiteten Tanzplatz gewesen. Diese Sitte wurde in den zwanziger Jahren unseres Jahrhunderts eingestellt, da es nur noch ein w\u00fcstes Saufgelage war. Wann begonnen wurde, das M\u00e4dchen zum Abendbrot zu begleiten, welches einem Burschen zum 1. Tanz folgte, ist bisher nicht ermittelt worden.<\/p>\n<h1>Birken schlagen<\/h1>\n<p>Es hat schon viele Jahre Tradition, da\u00df der Burschentanz bei uns eine Woche nach Pfingsten (das Wetter soll dann immer besser sein) und zwar am Sonnabend und Sonntag und mittlerweile auch die Disco am Freitag stattfindet<\/p>\n<p>Am Freitag vor dem Burschentanz fahren die Burschen in den Wald, um Birken zu schlagen.<\/p>\n<p><img loading=\"lazy\" decoding=\"async\" class=\"wp-image-4110 alignright\" src=\"https:\/\/burschenverein-beyernaumburg.de\/wp-content\/uploads\/2017\/07\/k-P1110228.jpg\" alt=\"k-P1110228\" width=\"500\" height=\"375\" \/><\/p>\n<p>Dazu nahmen sie, fr\u00fcher zumindest, ein Fass Bier mit und stimmen sich so auf den Burschentanz ein. Mit den Birken schm\u00fccken sie den Eingang zur Gastst\u00e4tte (Bowlingbahn) und den Festplatz aus. Tradition war fr\u00fcher auch, da\u00df jeder Bursche auch sein Grundst\u00fcck mit Birken schm\u00fcckte.<\/p>\n<h1>Einzug der Burschen und 1. Tanz<\/h1>\n<p>Am Burschentanz Samstag werden die B\u00fcrger durch ein Trompetensignal geweckt. Dabei hat sich Eberhardt Jentsch sowie auch Mathis Koch einen gro\u00dfen Verdienst erworben, denn sie halten diese Tradition schon \u00fcber viele Jahre aufrecht.<\/p>\n<p>Am Sonnabend um 15:00 Uhr f\u00fchren die Burschen als Er\u00f6ffnung des Burschentanzes ihren traditionellen Einzug durch. Sie treffen sich an der Bowlingbahn und ziehen von dort zum Festplatz.<\/p>\n<p>Aus den Reihen der Burschen wird der Tr\u00e4ger der Maie bestimmt, (bei uns seit etlichen Jahren Marc Wernicke) der dem Zug vorangeht und die Maie schwenkt.<\/p>\n<p>Die Burschen sind durch eine Schleife gekennzeichnet, wobei der Burschenvorstand eine gr\u00f6\u00dfere Schleife tr\u00e4gt. Nach dem Einzug und der\u00a0Begr\u00fc\u00dfungsansprache durch den Vorsitzenden des Burschenvereins wird zum 1. Tanz gebeten.<\/p>\n<p>Die M\u00e4dchen, die zu diesem Tanz aufgefordert werden, nehmen ihren Tanzpartner zum Abendbrot mit nach Hause. Aus diesen Tanzpaaren gingen schon viele Familien hervor.<\/p>\n<h1>Reihe gehen am Sonntag<\/h1>\n<p>Ein H\u00f6hepunkt f\u00fcr alle B\u00fcrger ist das am 3. Burschentanztag stattfindete &#8222;Reihe gehen&#8220; oder wie es in anderen Regionen hei\u00dft &#8222;Eiersingen&#8220;. Einschlie\u00dflich Othal wird vor jedem Haus gehalten, die Bewohner werden durch die Burschen gegr\u00fc\u00dft und die Kapelle stimmt ein Lied an.<\/p>\n<p>An diesem Umzug beteiligt sich das ganze Dorf und ein gro\u00dfer Spa\u00df vor allem f\u00fcr die Kinder, wenn sie von der Eiersuse und dem Clown gejagt werden. Fr\u00fcher st\u00fcrmten diese beiden regelrecht die H\u00e4user und machten auch nicht vor den Kammern junger M\u00e4dchen halt.<\/p>\n<p>Aus jedem Haushalt bekommen die Burschen Eier und Geld, das dazu beitr\u00e4gt, die Unkosten des Festes abzudecken. Alle richten sich auf den Besuch der Burschen ein und halten Getr\u00e4nke bereit. An diesem Tag ist es so, als w\u00e4re das ganze Dorf eine gro\u00dfe Familie.<\/p>\n<p>Viele Familien haben an diesem Tag Besuch von ihren Kindern, Freunden und Verwandten, die damit ihre Verbundenheit zum Burschentanz und zum Dorf zum Ausdruck bringen.<\/p>\n<p>Gegen 15:00 Uhr ist dieser Umzug beendet, was bei der zunehmenden Gr\u00f6\u00dfe des Ortes heute gar nicht mehr so einfach ist, und man mu\u00df das Stehverm\u00f6gen vieler Burschen bewundern, die um 15:00 Uhr dann schon wieder auf dem Festplatz einmarschieren.<\/p>\n<h1>Maie begraben<\/h1>\n<p>Am Morgen des 4. Burschentanztages wird der Festplatz von den Burschen ges\u00e4ubert. Danach treffen sie sich, um mit einigen Sp\u00e4\u00dfen und einer kleinen Nachfeier den Burschentanz ausklingen zu lassen.<\/p>\n<p>Gegen 17:00 Uhr formiert sich nochmals ein Festzug, wobei die Burschen angeputzt und mit allerlei &#8222;eigent\u00fcmlichen&#8220; Dingen ihren Spa\u00df daran haben, die Fahrzeuge aufzuhalten und den Einwohnern eine &#8222;gute Show&#8220; zu bieten. Ist dies gegl\u00fcckt, setzt sich der Zug in Richtung Sch\u00fctzenplatz in Bewegung um dort an der Gabelung zum &#8222;Loh&#8220; die Maie zu begraben.<\/p>\n<p><img loading=\"lazy\" decoding=\"async\" class=\"alignnone wp-image-4245\" src=\"https:\/\/burschenverein-beyernaumburg.de\/wp-content\/uploads\/2017\/07\/k-P1130538.jpg\" alt=\"Maiengrab\" width=\"672\" height=\"504\" \/><\/p>\n<p>In einem lustigen Zeremoniell wird durch den &#8222;Pfarrer&#8220;( seit vielen Jahren in den H\u00e4nden der Familie Kubeyka) eine Trauerrede gehalten, die Maie begraben und damit auch der Burschentanz beendet.<\/p>\n","protected":false},"excerpt":{"rendered":"<p>Ursprung des Burschentanzes Der Burschentanz (oder Pfingstanz, wie er fr\u00fcher genannt wurde) hatte seinen Anfang am 3. Pfingsttag und schlo\u00df am Mittwoch. Das Amt Beyernaumburg hatte dazu seine &#8222;Lizenz&#8220; erteilt. Die Pfingstt\u00e4nze sollen ganz fr\u00fcher, noch vor 1760 auf dem Pfingstfleck (fr\u00fcher Pfingstnachtfleck gehei\u00dfen) abgehalten worden sein. Es ist nicht ausgeschlossen, da\u00df der Ursprung dieser &hellip; <a href=\"https:\/\/burschenverein-beyernaumburg.de\/?page_id=35\" class=\"more-link\"><span class=\"screen-reader-text\">Ursprung und Traditionen des Burschentanzes<\/span> weiterlesen <span class=\"meta-nav\">&rarr;<\/span><\/a><\/p>\n","protected":false},"author":1,"featured_media":0,"parent":0,"menu_order":0,"comment_status":"closed","ping_status":"closed","template":"","meta":{"footnotes":""},"class_list":["post-35","page","type-page","status-publish","hentry","gallery-content-unit"],"_links":{"self":[{"href":"https:\/\/burschenverein-beyernaumburg.de\/index.php?rest_route=\/wp\/v2\/pages\/35","targetHints":{"allow":["GET"]}}],"collection":[{"href":"https:\/\/burschenverein-beyernaumburg.de\/index.php?rest_route=\/wp\/v2\/pages"}],"about":[{"href":"https:\/\/burschenverein-beyernaumburg.de\/index.php?rest_route=\/wp\/v2\/types\/page"}],"author":[{"embeddable":true,"href":"https:\/\/burschenverein-beyernaumburg.de\/index.php?rest_route=\/wp\/v2\/users\/1"}],"replies":[{"embeddable":true,"href":"https:\/\/burschenverein-beyernaumburg.de\/index.php?rest_route=%2Fwp%2Fv2%2Fcomments&post=35"}],"version-history":[{"count":21,"href":"https:\/\/burschenverein-beyernaumburg.de\/index.php?rest_route=\/wp\/v2\/pages\/35\/revisions"}],"predecessor-version":[{"id":4445,"href":"https:\/\/burschenverein-beyernaumburg.de\/index.php?rest_route=\/wp\/v2\/pages\/35\/revisions\/4445"}],"wp:attachment":[{"href":"https:\/\/burschenverein-beyernaumburg.de\/index.php?rest_route=%2Fwp%2Fv2%2Fmedia&parent=35"}],"curies":[{"name":"wp","href":"https:\/\/api.w.org\/{rel}","templated":true}]}}