{"id":13,"date":"2015-11-03T10:48:19","date_gmt":"2015-11-03T09:48:19","guid":{"rendered":"http:\/\/burschenverein-beyernaumburg.de\/?page_id=13"},"modified":"2025-04-16T11:03:24","modified_gmt":"2025-04-16T09:03:24","slug":"unser-lied","status":"publish","type":"page","link":"https:\/\/burschenverein-beyernaumburg.de\/?page_id=13","title":{"rendered":"Unser Lied"},"content":{"rendered":"<div style=\"text-align: center;\">\n<audio class=\"wp-audio-shortcode\" id=\"audio-13-1\" preload=\"none\" style=\"width: 100%;\" controls=\"controls\"><source type=\"audio\/mpeg\" src=\"https:\/\/burschenverein-beyernaumburg.de\/wp-content\/uploads\/2015\/11\/Heimatlied_fertig.mp3?_=1\" \/><a href=\"https:\/\/burschenverein-beyernaumburg.de\/wp-content\/uploads\/2015\/11\/Heimatlied_fertig.mp3\">https:\/\/burschenverein-beyernaumburg.de\/wp-content\/uploads\/2015\/11\/Heimatlied_fertig.mp3<\/a><\/audio>\n<p><a href=\"https:\/\/burschenverein-beyernaumburg.de\/wp-content\/uploads\/2015\/11\/Heimatlied.jpg\"><img loading=\"lazy\" decoding=\"async\" class=\"alignnone wp-image-2692 size-large\" src=\"https:\/\/burschenverein-beyernaumburg.de\/wp-content\/uploads\/2015\/11\/Heimatlied-1024x790.jpg\" alt=\"Heimatlied\" width=\"474\" height=\"366\" srcset=\"https:\/\/burschenverein-beyernaumburg.de\/wp-content\/uploads\/2015\/11\/Heimatlied-1024x790.jpg 1024w, https:\/\/burschenverein-beyernaumburg.de\/wp-content\/uploads\/2015\/11\/Heimatlied-300x231.jpg 300w, https:\/\/burschenverein-beyernaumburg.de\/wp-content\/uploads\/2015\/11\/Heimatlied.jpg 1791w\" sizes=\"auto, (max-width: 474px) 100vw, 474px\" \/><\/a><\/p>\n<\/div>\n<div style=\"text-align: center;\"><\/div>\n<div style=\"text-align: center;\"><\/div>\n<div style=\"text-align: center;\"><b><i><u>Beyernaumburger Heimatlied<\/u><\/i><\/b><\/div>\n<div style=\"text-align: center;\"><\/div>\n<div style=\"text-align: center;\"><\/div>\n<div style=\"text-align: center;\">Wo Harz und Aue reichen sich die Hand<\/div>\n<div style=\"text-align: center;\">ragen alte Mauern still vertr\u00e4umt ins Land,<\/div>\n<div style=\"text-align: center;\">zeugen feste T\u00fcrme von vergang\u2019ner Macht,<\/div>\n<div style=\"text-align: center;\">klingt das Lied der W\u00e4lder hin durch Tag und Nacht<\/div>\n<div style=\"text-align: center;\">\n<hr \/>\n<\/div>\n<div style=\"text-align: center;\"><\/div>\n<div style=\"text-align: center;\"><em><b><u>Refrain:<\/u><\/b><\/em><\/div>\n<div style=\"text-align: center;\"><em>All meine Liebe will ich dir weih\u2019n<\/em><\/div>\n<div style=\"text-align: center;\"><em>all meine Sehnsucht soll mit dir sein,<\/em><\/div>\n<div style=\"text-align: center;\"><em>du kleiner Ort so still vertr\u00e4umt am Waldesrand,<\/em><\/div>\n<div style=\"text-align: center;\"><em>mein Beyernaumburg, du, mein sch\u00f6nes Heimatland.<\/em><\/div>\n<div style=\"text-align: center;\">\n<hr \/>\n<\/div>\n<div style=\"text-align: center;\"><\/div>\n<div style=\"text-align: center;\"><\/div>\n<div style=\"text-align: center;\">Flei\u00df\u2019ge Menschen ackern, bauen hier das Feld.<\/div>\n<div style=\"text-align: center;\">Hagen, Stieg und Ziesing, das ist ihre Welt.<\/div>\n<div style=\"text-align: center;\">Zeigt sich fr\u00fch die Sonne hinter\u2019m Roten Berg<\/div>\n<div style=\"text-align: center;\">sieht sie all die Leute flei\u00dfig schon am Werk.<\/div>\n<div style=\"text-align: center;\">\n<hr \/>\n<\/div>\n<div style=\"text-align: center;\"><\/div>\n<div style=\"text-align: center;\"><\/div>\n<div style=\"text-align: center;\">Der F\u00fclle st\u00e4ndig raunen, nimmerm\u00fcde Fahrt,<\/div>\n<div style=\"text-align: center;\">das Schwatzen uns\u2019rer Frauen, das pa\u00dft zu uns\u2019rer Art,<\/div>\n<div style=\"text-align: center;\">das Jauchzen uns\u2019rer Kinder bei manchen frohen Streich<\/div>\n<div style=\"text-align: center;\">war schon das Lied der V\u00e4ter, so echt und ewig gleich.<\/div>\n<div style=\"text-align: center;\">\n<hr \/>\n<\/div>\n<div style=\"text-align: center;\"><\/div>\n<div style=\"text-align: center;\"><\/div>\n<div style=\"text-align: center;\">Mehr als tausend Jahre schaust du schon ins Land<\/div>\n<div style=\"text-align: center;\">Als ein Hort der F\u00fcrsten, Niumburg genannt.<\/div>\n<div style=\"text-align: center;\">Du sah\u2019st in uns\u2019rem D\u00f6rfchen Tr\u00e4nen, bitt\u2019res Leid-<\/div>\n<div style=\"text-align: center;\">Zeige Deinen Leuten eine bess\u2019re Zeit.<\/div>\n","protected":false},"excerpt":{"rendered":"<p>Beyernaumburger Heimatlied Wo Harz und Aue reichen sich die Hand ragen alte Mauern still vertr\u00e4umt ins Land, zeugen feste T\u00fcrme von vergang\u2019ner Macht, klingt das Lied der W\u00e4lder hin durch Tag und Nacht Refrain: All meine Liebe will ich dir weih\u2019n all meine Sehnsucht soll mit dir sein, du kleiner Ort so still vertr\u00e4umt am &hellip; <a href=\"https:\/\/burschenverein-beyernaumburg.de\/?page_id=13\" class=\"more-link\"><span class=\"screen-reader-text\">Unser Lied<\/span> weiterlesen <span class=\"meta-nav\">&rarr;<\/span><\/a><\/p>\n","protected":false},"author":1,"featured_media":0,"parent":0,"menu_order":0,"comment_status":"closed","ping_status":"closed","template":"","meta":{"footnotes":""},"class_list":["post-13","page","type-page","status-publish","hentry","gallery-content-unit"],"_links":{"self":[{"href":"https:\/\/burschenverein-beyernaumburg.de\/index.php?rest_route=\/wp\/v2\/pages\/13","targetHints":{"allow":["GET"]}}],"collection":[{"href":"https:\/\/burschenverein-beyernaumburg.de\/index.php?rest_route=\/wp\/v2\/pages"}],"about":[{"href":"https:\/\/burschenverein-beyernaumburg.de\/index.php?rest_route=\/wp\/v2\/types\/page"}],"author":[{"embeddable":true,"href":"https:\/\/burschenverein-beyernaumburg.de\/index.php?rest_route=\/wp\/v2\/users\/1"}],"replies":[{"embeddable":true,"href":"https:\/\/burschenverein-beyernaumburg.de\/index.php?rest_route=%2Fwp%2Fv2%2Fcomments&post=13"}],"version-history":[{"count":9,"href":"https:\/\/burschenverein-beyernaumburg.de\/index.php?rest_route=\/wp\/v2\/pages\/13\/revisions"}],"predecessor-version":[{"id":5679,"href":"https:\/\/burschenverein-beyernaumburg.de\/index.php?rest_route=\/wp\/v2\/pages\/13\/revisions\/5679"}],"wp:attachment":[{"href":"https:\/\/burschenverein-beyernaumburg.de\/index.php?rest_route=%2Fwp%2Fv2%2Fmedia&parent=13"}],"curies":[{"name":"wp","href":"https:\/\/api.w.org\/{rel}","templated":true}]}}